{"id":2900,"date":"2019-09-30T12:42:21","date_gmt":"2019-09-30T10:42:21","guid":{"rendered":"https:\/\/awsolutions.fr\/blog\/?page_id=2900"},"modified":"2019-09-30T15:02:13","modified_gmt":"2019-09-30T13:02:13","slug":"temoignages-slider-sud-atlantic-2","status":"publish","type":"page","link":"https:\/\/awsolutions.fr\/blog\/temoignages-slider-sud-atlantic-2\/","title":{"rendered":"T\u00e9moignages Slider Sud Atlantic"},"content":{"rendered":"<p><div class=\"fusion-fullwidth fullwidth-box fusion-builder-row-1 fusion-flex-container nonhundred-percent-fullwidth non-hundred-percent-height-scrolling\" style=\"--awb-border-radius-top-left:0px;--awb-border-radius-top-right:0px;--awb-border-radius-bottom-right:0px;--awb-border-radius-bottom-left:0px;--awb-padding-bottom:0px;--awb-margin-bottom:0px;\" ><div class=\"fusion-builder-row fusion-row fusion-flex-align-items-flex-start\" style=\"max-width:1248px;margin-left: calc(-4% \/ 2 );margin-right: calc(-4% \/ 2 );\"><div class=\"fusion-layout-column fusion_builder_column fusion-builder-column-0 fusion_builder_column_1_6 1_6 fusion-flex-column\" style=\"--awb-padding-top:30%;--awb-bg-size:cover;--awb-width-large:16.666666666667%;--awb-margin-top-large:0px;--awb-spacing-right-large:11.52%;--awb-margin-bottom-large:20px;--awb-spacing-left-large:11.52%;--awb-width-medium:16.666666666667%;--awb-spacing-right-medium:11.52%;--awb-spacing-left-medium:11.52%;--awb-width-small:100%;--awb-spacing-right-small:1.92%;--awb-spacing-left-small:1.92%;\"><div class=\"fusion-column-wrapper fusion-column-has-shadow fusion-flex-justify-content-flex-start fusion-content-layout-column\"><div class='button_tem'>\n\t<a href=\"https:\/\/selenee.fr\/blog\/?page_id=2664&preview=true\">\n<i class=\"fas fa-arrow-left\"><\/i>\n<\/a>\n<\/div><\/div><\/div><div class=\"fusion-layout-column fusion_builder_column fusion-builder-column-1 fusion_builder_column_2_3 2_3 fusion-flex-column\" style=\"--awb-bg-size:cover;--awb-width-large:66.666666666667%;--awb-margin-top-large:0px;--awb-spacing-right-large:2.88%;--awb-margin-bottom-large:20px;--awb-spacing-left-large:2.88%;--awb-width-medium:66.666666666667%;--awb-spacing-right-medium:2.88%;--awb-spacing-left-medium:2.88%;--awb-width-small:100%;--awb-spacing-right-small:1.92%;--awb-spacing-left-small:1.92%;\"><div class=\"fusion-column-wrapper fusion-column-has-shadow fusion-flex-justify-content-flex-start fusion-content-layout-column\"><div class=\"fusion-image-element \" style=\"text-align:center;--awb-caption-title-size:var(--h2_typography-font-size);--awb-caption-title-transform:var(--h2_typography-text-transform);--awb-caption-title-line-height:var(--h2_typography-line-height);--awb-caption-title-letter-spacing:var(--h2_typography-letter-spacing);\"><span class=\" fusion-imageframe imageframe-none imageframe-1 hover-type-none\"><img decoding=\"async\" width=\"400\" height=\"160\" title=\"Habitat Sud Atalantic\" src=\"https:\/\/awsolutions.fr\/blog\/wp-content\/uploads\/2019\/09\/Habitat-Sud-Atalantic.png\" alt class=\"img-responsive wp-image-2471\" srcset=\"https:\/\/awsolutions.fr\/blog\/wp-content\/uploads\/2019\/09\/Habitat-Sud-Atalantic-200x80.png 200w, https:\/\/awsolutions.fr\/blog\/wp-content\/uploads\/2019\/09\/Habitat-Sud-Atalantic.png 400w\" sizes=\"(max-width: 640px) 100vw, 400px\" \/><\/span><\/div><\/div><\/div><div class=\"fusion-layout-column fusion_builder_column fusion-builder-column-2 fusion_builder_column_1_6 1_6 fusion-flex-column\" style=\"--awb-padding-top:30%;--awb-bg-size:cover;--awb-width-large:16.666666666667%;--awb-margin-top-large:0px;--awb-spacing-right-large:11.52%;--awb-margin-bottom-large:20px;--awb-spacing-left-large:11.52%;--awb-width-medium:16.666666666667%;--awb-spacing-right-medium:11.52%;--awb-spacing-left-medium:11.52%;--awb-width-small:100%;--awb-spacing-right-small:1.92%;--awb-spacing-left-small:1.92%;\"><div class=\"fusion-column-wrapper fusion-column-has-shadow fusion-flex-justify-content-flex-start fusion-content-layout-column\"><div class='button_tem'>\n\t<a href=\"https:\/\/selenee.fr\/blog\/?page_id=2745\">\n<i class=\"fas fa-arrow-right\"><\/i>\n<\/a>\n<\/div><\/div><\/div><\/div><\/div><div class=\"fusion-fullwidth fullwidth-box fusion-builder-row-2 fusion-flex-container nonhundred-percent-fullwidth non-hundred-percent-height-scrolling\" style=\"--awb-border-radius-top-left:0px;--awb-border-radius-top-right:0px;--awb-border-radius-bottom-right:0px;--awb-border-radius-bottom-left:0px;--awb-padding-bottom:0px;--awb-margin-bottom:0px;\" ><div class=\"fusion-builder-row fusion-row fusion-flex-align-items-flex-start\" style=\"max-width:calc( 1200px + 0px );margin-left: calc(-0px \/ 2 );margin-right: calc(-0px \/ 2 );\"><div class=\"fusion-layout-column fusion_builder_column fusion-builder-column-3 fusion_builder_column_1_1 1_1 fusion-flex-column\" style=\"--awb-padding-bottom:14px;--awb-bg-size:cover;--awb-width-large:100%;--awb-margin-top-large:0px;--awb-spacing-right-large:0px;--awb-margin-bottom-large:20px;--awb-spacing-left-large:0px;--awb-width-medium:100%;--awb-spacing-right-medium:0px;--awb-spacing-left-medium:0px;--awb-width-small:100%;--awb-spacing-right-small:0px;--awb-spacing-left-small:0px;\"><div class=\"fusion-column-wrapper fusion-column-has-shadow fusion-flex-justify-content-flex-start fusion-content-layout-column\"><div class=\"fusion-text fusion-text-1\"><p style=\"text-align: center;\"><i><span style=\"font-size: 26px; color: #192f5b;\" data-fusion-font=\"true\"><span style=\"font-size: 28px; line-height: 32px;\" data-fusion-font=\"true\">\u00ab S\u00e9l\u00e9n\u00e9e pour mieux d\u00e9finir les besoins, diversifier les prestataires et d\u00e9montrer l&rsquo;int\u00e9r\u00eat \u00e9conomique et social de l&rsquo;OPH sur le territoire. <\/span><span style=\"font-size: 28px;\" data-fusion-font=\"true\"><span style=\"line-height: 32px;\" data-fusion-font=\"true\">\u00bb<\/span><\/span><\/span><\/i><\/p>\n<\/div><div class=\"fusion-text fusion-text-2\"><div style=\"text-align: center;\"><i><span class=\"s1\" style=\"color: var(--body_typography-color); font-family: var(--body_typography-font-family); font-size: var(--body_typography-font-size); font-weight: var(--body_typography-font-weight); letter-spacing: var(--body_typography-letter-spacing); background-color: rgba(255, 255, 255, 0);\"><b style=\"font-size: 22px; color: #479e9a;\" data-fusion-font=\"true\">Beno\u00eet Rabouam-Bourdin<\/b><span style=\"font-size: 22px;\" data-fusion-font=\"true\"><span style=\"color: #192f5b;\">, <\/span><\/span><\/span><span class=\"s1\" style=\"color: var(--body_typography-color); font-family: var(--body_typography-font-family); font-size: var(--body_typography-font-size); font-weight: var(--body_typography-font-weight); letter-spacing: var(--body_typography-letter-spacing); background-color: rgba(255, 255, 255, 0);\"><span style=\"font-size: 22px; color: #192f5b;\" data-fusion-font=\"true\">Responsable du P\u00f4le Achats d&rsquo;Habitat Sud Atlantic<br \/>\n<\/span><\/span><\/i><\/div>\n<\/div><div class=\"fusion-separator fusion-full-width-sep\" style=\"align-self: center;margin-left: auto;margin-right: auto;margin-top:20px;width:100%;\"><div class=\"fusion-separator-border sep-single sep-solid\" style=\"--awb-height:20px;--awb-amount:20px;--awb-sep-color:#192f5b;border-color:#192f5b;border-top-width:1px;\"><\/div><\/div><\/div><\/div><\/div><\/div><div class=\"fusion-fullwidth fullwidth-box fusion-builder-row-3 fusion-flex-container nonhundred-percent-fullwidth non-hundred-percent-height-scrolling\" style=\"--awb-border-radius-top-left:0px;--awb-border-radius-top-right:0px;--awb-border-radius-bottom-right:0px;--awb-border-radius-bottom-left:0px;--awb-padding-top:0px;--awb-padding-bottom:0px;--awb-margin-bottom:0px;\" ><div class=\"fusion-builder-row fusion-row fusion-flex-align-items-flex-start\" style=\"max-width:1248px;margin-left: calc(-4% \/ 2 );margin-right: calc(-4% \/ 2 );\"><div class=\"fusion-layout-column fusion_builder_column fusion-builder-column-4 fusion_builder_column_2_3 2_3 fusion-flex-column\" style=\"--awb-bg-size:cover;--awb-width-large:66.666666666667%;--awb-margin-top-large:0px;--awb-spacing-right-large:3.84%;--awb-margin-bottom-large:0px;--awb-spacing-left-large:2.88%;--awb-width-medium:66.666666666667%;--awb-spacing-right-medium:3.84%;--awb-spacing-left-medium:2.88%;--awb-width-small:100%;--awb-spacing-right-small:1.92%;--awb-spacing-left-small:1.92%;\"><div class=\"fusion-column-wrapper fusion-column-has-shadow fusion-flex-justify-content-flex-start fusion-content-layout-column\"><div class=\"fusion-text fusion-text-3\"><p><b style=\"color: #479e9a; font-size: 24px;\" data-fusion-font=\"true\">Pourquoi et comment \u00eates-vous devenu ambassadeur S\u00e9l\u00e9n\u00e9e ?<\/b><\/p>\n<p style=\"color: #192f5b;\">La r\u00e9glementation des march\u00e9s publics pour les OPH, presque inexistante il y a 30 ans, est pass\u00e9e par une phase de rigueur extr\u00eame \u2013 une \u00e9quit\u00e9 compliquant voire emp\u00eachant la communication avec les fournisseurs, \u00e0 des m\u00e9thodes aujourd\u2019hui plus raisonn\u00e9es, du fait de la n\u00e9cessit\u00e9 de r\u00e9duire les d\u00e9penses. Nous faisions donc un peu de sourcing, mais de fa\u00e7on informelle et artisanale, sur les march\u00e9s r\u00e9currents, quand nous a \u00e9t\u00e9 pr\u00e9sent\u00e9 S\u00e9l\u00e9n\u00e9e, lors d\u2019une journ\u00e9e des utilisateurs Agysoft. Nous avons imm\u00e9diatement vu tout son int\u00e9r\u00eat pour professionnaliser notre sourcing, ce m\u00e9tier neuf dans le Public, et lev\u00e9 la main pour \u00eatre l\u2019un de ses ambassadeurs.<\/p>\n<p style=\"font-size: 22px; color: #479e9a;\" data-fusion-font=\"true\"><b data-fusion-font=\"true\">Apr\u00e8s un an de tests de S\u00e9l\u00e9n\u00e9e, quels avantages avez-vous relev\u00e9s ?<br \/>\n<\/b><\/p>\n<p style=\"color: #192f5b;\">Nous avons sourc\u00e9 trois march\u00e9s : nos supports de communication, les prestations en honoraire libre des huissiers et la formation. Premier constat : des gains de temps. Sans S\u00e9l\u00e9n\u00e9e, nous devions chercher les entreprises sur diff\u00e9rents m\u00e9dias, les appeler, solliciter leur int\u00e9r\u00eat et souvent, pour rien. Deuxi\u00e8me avantage : la rigueur juridique. En cas de conflit suppos\u00e9, nous pourrions montrer, gr\u00e2ce \u00e0 la tra\u00e7abilit\u00e9, que nous avons sourc\u00e9 de fa\u00e7on r\u00e9glementaire. Troisi\u00e8me avantage : S\u00e9l\u00e9n\u00e9e permet de mieux d\u00e9finir le besoin et surtout de sortir de nos sch\u00e9mas classiques, gr\u00e2ce au dialogue avec de nouveaux acteurs. C\u2019est le cas de notre march\u00e9 Communication, dont l\u2019appel d\u2019offres est en cours d\u2019analyse. Enfin, S\u00e9l\u00e9n\u00e9e \u00e9tend le panel de nos fournisseurs habituels : sur le march\u00e9 Formation, nous sommes pass\u00e9 de cinq \u00e0 huit instituts \u00e0 consulter. Mais ce n\u2019est pas non plus une garantie de succ\u00e8s : avec les huissiers, la mise en concurrence a \u00e9chou\u00e9 par refus de la profession. Mais au moins, nous le savons.<\/p>\n<p><b style=\"color: #479e9a;\" data-fusion-font=\"true\"><span style=\"font-size: 24px;\" data-fusion-font=\"true\">Quels atouts pour demain vous conf\u00e8rent S\u00e9l\u00e9n\u00e9e ? <\/span><span data-fusion-font=\"true\">\u2028\u2028<\/span><\/b><\/p>\n<p>Nous comptons sur S\u00e9l\u00e9n\u00e9e pour nous aider \u00e0 d\u00e9couvrir des solutions innovantes, primordiales notamment dans le b\u00e2timent, \u00e0 imposer \u00e0 nos ma\u00eetres d\u2019\u0153uvre via des appels d\u2019offres plus explicites. Et nous misons aussi sur S\u00e9l\u00e9n\u00e9e, alors que des regroupements entre bailleurs sociaux seront impos\u00e9s d\u00e8s 2021, pour d\u00e9montrer notre r\u00f4le crucial dans l\u2019\u00e9conomie locale (95% de nos march\u00e9s sont purement locaux) et notre utilit\u00e9 sociale, face \u00e0 la nouvelle concurrence des acteurs priv\u00e9s. En esp\u00e9rant qu\u2019au moment de la d\u00e9cision sur un regroupement, nos arguments tangibles, issus en partie de S\u00e9l\u00e9n\u00e9e, aupr\u00e8s de la Pr\u00e9fecture et de notre collectivit\u00e9 de rattachement, nourriront positivement les d\u00e9bats. Pour cela, nous allons d\u00e8s 2020 g\u00e9n\u00e9raliser le sourcing via S\u00e9l\u00e9n\u00e9e, en publiant nos pr\u00e9visions d\u2019achats, recens\u00e9s et planifi\u00e9s au dernier trimestre de chaque ann\u00e9e.<\/p>\n<\/div><\/div><\/div><div class=\"fusion-layout-column fusion_builder_column fusion-builder-column-5 fusion_builder_column_1_3 1_3 fusion-flex-column\" style=\"--awb-bg-size:cover;--awb-width-large:33.333333333333%;--awb-margin-top-large:0px;--awb-spacing-right-large:5.76%;--awb-margin-bottom-large:0px;--awb-spacing-left-large:3.8399999999999%;--awb-width-medium:33.333333333333%;--awb-spacing-right-medium:5.76%;--awb-spacing-left-medium:3.8399999999999%;--awb-width-small:100%;--awb-spacing-right-small:1.92%;--awb-spacing-left-small:1.92%;\"><div class=\"fusion-column-wrapper fusion-column-has-shadow fusion-flex-justify-content-flex-start fusion-content-layout-column\"><div class=\"fusion-text fusion-text-4\"><p style=\"text-align: left;\"><i><b style=\"font-size: 30px;\" data-fusion-font=\"true\"><span style=\"font-size: 28px; color: #ffa617;\" data-fusion-font=\"true\">Enjeux<\/span><span style=\"color: #ffa617;\"> \u2028<\/span><\/b><\/i><\/p>\n<p class=\"p1\"><b style=\"color: #ffa617; font-size: 36px; line-height: 28px;\" data-fusion-font=\"true\">\u2192 <\/b><b style=\"color: #192f5b;\"><i><span style=\"line-height: 31.5px;\" data-fusion-font=\"true\">Professionnaliser le sourcing de l&rsquo;OPH suite aux nouvelles possibilit\u00e9s r\u00e9glementaires<br \/>\n<\/span><\/i><\/b><\/p>\n<p style=\"color: #192f5b;\"><b><b style=\"color: #ffa617; font-size: 36px; line-height: 28px;\" data-fusion-font=\"true\">\u2192 <\/b><i>D\u00e9couvrir plus facilement des fournisseurs innovants<br \/>\n<\/i><\/b><\/p>\n<p style=\"color: #192f5b;\"><b><b style=\"color: #ffa617; font-size: 36px; line-height: 28px;\" data-fusion-font=\"true\">\u2192 <\/b><i>Pouvoir argumenter demain dans le cadre du regroupement des OPH<br \/>\n<\/i><\/b><\/p>\n<p style=\"color: #192f5b;\"><b style=\"background-color: rgba(255, 255, 255, 0); color: var(--body_typography-color); font-family: var(--body_typography-font-family); font-size: var(--body_typography-font-size); font-style: var(--body_typography-font-style,normal); letter-spacing: var(--body_typography-letter-spacing);\"><i><span style=\"color: #ffa617; font-size: 28px;\" data-fusion-font=\"true\">B\u00e9n\u00e9fices<\/span><\/i><\/b><\/p>\n<p class=\"p3\"><span class=\"s1\"><b><b style=\"color: #ffa617; font-size: 36px; line-height: 28px;\" data-fusion-font=\"true\">\u2192 <\/b><i><span style=\"color: #192f5b;\">Des gains de temps en phase de sourcing<br \/>\n<\/span><\/i><\/b><\/span><\/p>\n<p class=\"p3\"><span class=\"s1\"><b><b style=\"color: #ffa617; font-size: 36px; line-height: 28px;\" data-fusion-font=\"true\">\u2192 <\/b><\/b><i><b style=\"color: #192f5b;\">Une expression des besoins qui rompt avec les anciens sch\u00e9mas<br \/>\n<\/b><\/i><\/span><\/p>\n<p class=\"p3\"><span class=\"s1\"><b><b style=\"color: #ffa617; font-size: 36px; line-height: 28px;\" data-fusion-font=\"true\">\u2192 <\/b><i><span style=\"color: #192f5b;\">Un enrichissement du panel des fournisseurs<\/span><\/i><\/b><\/span><b style=\"background-color: rgba(255, 255, 255, 0); color: var(--body_typography-color); font-family: var(--body_typography-font-family); font-size: var(--body_typography-font-size); font-style: var(--body_typography-font-style,normal); letter-spacing: var(--body_typography-letter-spacing);\"><i><\/i><\/b><\/p>\n<p class=\"p3\"><span class=\"s1\"><b><b style=\"color: #ffa617; font-size: 36px; line-height: 28px;\" data-fusion-font=\"true\">\u2192 <\/b><i><span style=\"color: #192f5b;\">Des donn\u00e9es tangibles pour d\u00e9montrer le r\u00f4le sociale et \u00e9conomique de l&rsquo;OPH<br \/>\n<\/span><\/i><\/b><\/span><\/p>\n<p class=\"p1\">\n<p class=\"p1\"><b style=\"background-color: rgba(255, 255, 255, 0); color: var(--body_typography-color); font-family: var(--body_typography-font-family); font-size: var(--body_typography-font-size); font-style: var(--body_typography-font-style,normal); letter-spacing: var(--body_typography-letter-spacing);\"><i><span style=\"color: #ffa617; font-size: 28px;\" data-fusion-font=\"true\">Chiffres cl\u00e9s<\/span><\/i><\/b><\/p>\n<p class=\"p3\"><span class=\"s1\"><b><b style=\"color: #ffa617; font-size: 36px; line-height: 28px;\" data-fusion-font=\"true\">\u2192 <\/b><i><span style=\"color: #192f5b;\">OPH du Pays-Basque &#8211; Pr\u00e8s de 7 500 logements<\/span> <\/i><\/b><\/span><\/p>\n<p class=\"p3\"><span class=\"s1\"><b><b style=\"color: #ffa617; font-size: 36px; line-height: 28px;\" data-fusion-font=\"true\">\u2192 <\/b><i><span style=\"color: #192f5b;\">P\u00f4le Achats de 3 personnes<br \/>\n<\/span><\/i><\/b><\/span><\/p>\n<p class=\"p3\"><span class=\"s1\"><b><b style=\"color: #ffa617; font-size: 36px; line-height: 28px;\" data-fusion-font=\"true\">\u2192 <\/b><i><span style=\"color: #192f5b;\">Utilisateur S\u00e9l\u00e9n\u00e9e depuis mai 2018<br \/>\n<\/span><\/i><\/b><\/span><\/p>\n<\/div><\/div><\/div><\/div><\/div><\/p>\n","protected":false},"excerpt":{"rendered":"","protected":false},"author":6,"featured_media":0,"parent":0,"menu_order":0,"comment_status":"closed","ping_status":"closed","template":"","meta":{"footnotes":""},"categories":[],"tags":[],"class_list":["post-2900","page","type-page","status-publish","hentry"],"yoast_head":"<!-- This site is optimized with the Yoast SEO plugin v20.1 - https:\/\/yoast.com\/wordpress\/plugins\/seo\/ -->\n<title>T\u00e9moignages Slider Sud Atlantic - AWSolutions<\/title>\n<meta name=\"robots\" content=\"index, follow, max-snippet:-1, max-image-preview:large, max-video-preview:-1\" \/>\n<link rel=\"canonical\" href=\"https:\/\/awsolutions.fr\/blog\/temoignages-slider-sud-atlantic-2\/\" \/>\n<meta property=\"og:locale\" content=\"fr_FR\" \/>\n<meta property=\"og:type\" content=\"article\" \/>\n<meta property=\"og:title\" content=\"T\u00e9moignages Slider Sud Atlantic - AWSolutions\" \/>\n<meta property=\"og:url\" content=\"https:\/\/awsolutions.fr\/blog\/temoignages-slider-sud-atlantic-2\/\" \/>\n<meta property=\"og:site_name\" content=\"AWSolutions\" \/>\n<meta property=\"article:modified_time\" content=\"2019-09-30T13:02:13+00:00\" \/>\n<meta name=\"twitter:card\" content=\"summary_large_image\" \/>\n<meta name=\"twitter:label1\" content=\"Dur\u00e9e de lecture estim\u00e9e\" \/>\n\t<meta name=\"twitter:data1\" content=\"9 minutes\" \/>\n<script type=\"application\/ld+json\" class=\"yoast-schema-graph\">{\"@context\":\"https:\/\/schema.org\",\"@graph\":[{\"@type\":\"WebPage\",\"@id\":\"https:\/\/awsolutions.fr\/blog\/temoignages-slider-sud-atlantic-2\/\",\"url\":\"https:\/\/awsolutions.fr\/blog\/temoignages-slider-sud-atlantic-2\/\",\"name\":\"T\u00e9moignages Slider Sud Atlantic - AWSolutions\",\"isPartOf\":{\"@id\":\"https:\/\/awsolutions.fr\/blog\/#website\"},\"datePublished\":\"2019-09-30T10:42:21+00:00\",\"dateModified\":\"2019-09-30T13:02:13+00:00\",\"breadcrumb\":{\"@id\":\"https:\/\/awsolutions.fr\/blog\/temoignages-slider-sud-atlantic-2\/#breadcrumb\"},\"inLanguage\":\"fr-FR\",\"potentialAction\":[{\"@type\":\"ReadAction\",\"target\":[\"https:\/\/awsolutions.fr\/blog\/temoignages-slider-sud-atlantic-2\/\"]}]},{\"@type\":\"BreadcrumbList\",\"@id\":\"https:\/\/awsolutions.fr\/blog\/temoignages-slider-sud-atlantic-2\/#breadcrumb\",\"itemListElement\":[{\"@type\":\"ListItem\",\"position\":1,\"name\":\"Accueil\",\"item\":\"https:\/\/awsolutions.fr\/blog\/\"},{\"@type\":\"ListItem\",\"position\":2,\"name\":\"T\u00e9moignages Slider Sud Atlantic\"}]},{\"@type\":\"WebSite\",\"@id\":\"https:\/\/awsolutions.fr\/blog\/#website\",\"url\":\"https:\/\/awsolutions.fr\/blog\/\",\"name\":\"AWSolutions\",\"description\":\"\",\"potentialAction\":[{\"@type\":\"SearchAction\",\"target\":{\"@type\":\"EntryPoint\",\"urlTemplate\":\"https:\/\/awsolutions.fr\/blog\/?s={search_term_string}\"},\"query-input\":\"required name=search_term_string\"}],\"inLanguage\":\"fr-FR\"}]}<\/script>\n<!-- \/ Yoast SEO plugin. -->","yoast_head_json":{"title":"T\u00e9moignages Slider Sud Atlantic - AWSolutions","robots":{"index":"index","follow":"follow","max-snippet":"max-snippet:-1","max-image-preview":"max-image-preview:large","max-video-preview":"max-video-preview:-1"},"canonical":"https:\/\/awsolutions.fr\/blog\/temoignages-slider-sud-atlantic-2\/","og_locale":"fr_FR","og_type":"article","og_title":"T\u00e9moignages Slider Sud Atlantic - AWSolutions","og_url":"https:\/\/awsolutions.fr\/blog\/temoignages-slider-sud-atlantic-2\/","og_site_name":"AWSolutions","article_modified_time":"2019-09-30T13:02:13+00:00","twitter_card":"summary_large_image","twitter_misc":{"Dur\u00e9e de lecture estim\u00e9e":"9 minutes"},"schema":{"@context":"https:\/\/schema.org","@graph":[{"@type":"WebPage","@id":"https:\/\/awsolutions.fr\/blog\/temoignages-slider-sud-atlantic-2\/","url":"https:\/\/awsolutions.fr\/blog\/temoignages-slider-sud-atlantic-2\/","name":"T\u00e9moignages Slider Sud Atlantic - AWSolutions","isPartOf":{"@id":"https:\/\/awsolutions.fr\/blog\/#website"},"datePublished":"2019-09-30T10:42:21+00:00","dateModified":"2019-09-30T13:02:13+00:00","breadcrumb":{"@id":"https:\/\/awsolutions.fr\/blog\/temoignages-slider-sud-atlantic-2\/#breadcrumb"},"inLanguage":"fr-FR","potentialAction":[{"@type":"ReadAction","target":["https:\/\/awsolutions.fr\/blog\/temoignages-slider-sud-atlantic-2\/"]}]},{"@type":"BreadcrumbList","@id":"https:\/\/awsolutions.fr\/blog\/temoignages-slider-sud-atlantic-2\/#breadcrumb","itemListElement":[{"@type":"ListItem","position":1,"name":"Accueil","item":"https:\/\/awsolutions.fr\/blog\/"},{"@type":"ListItem","position":2,"name":"T\u00e9moignages Slider Sud Atlantic"}]},{"@type":"WebSite","@id":"https:\/\/awsolutions.fr\/blog\/#website","url":"https:\/\/awsolutions.fr\/blog\/","name":"AWSolutions","description":"","potentialAction":[{"@type":"SearchAction","target":{"@type":"EntryPoint","urlTemplate":"https:\/\/awsolutions.fr\/blog\/?s={search_term_string}"},"query-input":"required name=search_term_string"}],"inLanguage":"fr-FR"}]}},"_links":{"self":[{"href":"https:\/\/awsolutions.fr\/blog\/wp-json\/wp\/v2\/pages\/2900","targetHints":{"allow":["GET"]}}],"collection":[{"href":"https:\/\/awsolutions.fr\/blog\/wp-json\/wp\/v2\/pages"}],"about":[{"href":"https:\/\/awsolutions.fr\/blog\/wp-json\/wp\/v2\/types\/page"}],"author":[{"embeddable":true,"href":"https:\/\/awsolutions.fr\/blog\/wp-json\/wp\/v2\/users\/6"}],"replies":[{"embeddable":true,"href":"https:\/\/awsolutions.fr\/blog\/wp-json\/wp\/v2\/comments?post=2900"}],"version-history":[{"count":2,"href":"https:\/\/awsolutions.fr\/blog\/wp-json\/wp\/v2\/pages\/2900\/revisions"}],"predecessor-version":[{"id":2943,"href":"https:\/\/awsolutions.fr\/blog\/wp-json\/wp\/v2\/pages\/2900\/revisions\/2943"}],"wp:attachment":[{"href":"https:\/\/awsolutions.fr\/blog\/wp-json\/wp\/v2\/media?parent=2900"}],"wp:term":[{"taxonomy":"category","embeddable":true,"href":"https:\/\/awsolutions.fr\/blog\/wp-json\/wp\/v2\/categories?post=2900"},{"taxonomy":"post_tag","embeddable":true,"href":"https:\/\/awsolutions.fr\/blog\/wp-json\/wp\/v2\/tags?post=2900"}],"curies":[{"name":"wp","href":"https:\/\/api.w.org\/{rel}","templated":true}]}}