{"id":57004,"date":"2023-05-04T13:50:13","date_gmt":"2023-05-04T11:50:13","guid":{"rendered":"https:\/\/awsolutions.fr\/blog\/?page_id=57004"},"modified":"2023-05-16T11:02:58","modified_gmt":"2023-05-16T09:02:58","slug":"teletransmission-et-parapheur","status":"publish","type":"page","link":"https:\/\/awsolutions.fr\/blog\/teletransmission-et-parapheur\/","title":{"rendered":"T\u00e9l\u00e9transmission et Parapheur"},"content":{"rendered":"","protected":true},"excerpt":{"rendered":"","protected":true},"author":708,"featured_media":0,"parent":0,"menu_order":0,"comment_status":"closed","ping_status":"closed","template":"100-width.php","meta":{"footnotes":""},"categories":[111],"tags":[],"class_list":["post-57004","page","type-page","status-publish","post-password-required","hentry","category-acheteurs"],"yoast_head":"<!-- This site is optimized with the Yoast SEO plugin v20.1 - https:\/\/yoast.com\/wordpress\/plugins\/seo\/ -->\n<title>AW Solutions - ACTES, HELIOS et Parapheur \u00e9lectronique<\/title>\n<meta name=\"description\" content=\"D\u00e9couvrez les solutions de t\u00e9l\u00e9transmission ACTES et HELIOS, de parapheur \u00e9lectronique et de signature \u00e9lectronique.\" \/>\n<meta name=\"robots\" content=\"index, follow, max-snippet:-1, max-image-preview:large, max-video-preview:-1\" \/>\n<link rel=\"canonical\" href=\"https:\/\/awsolutions.fr\/blog\/teletransmission-et-parapheur\/\" \/>\n<meta property=\"og:locale\" content=\"fr_FR\" \/>\n<meta property=\"og:type\" content=\"article\" \/>\n<meta property=\"og:title\" content=\"AW Solutions - ACTES, HELIOS et Parapheur \u00e9lectronique\" \/>\n<meta property=\"og:description\" content=\"D\u00e9couvrez les solutions de t\u00e9l\u00e9transmission ACTES et HELIOS, de parapheur \u00e9lectronique et de signature \u00e9lectronique.\" \/>\n<meta property=\"og:url\" content=\"https:\/\/awsolutions.fr\/blog\/teletransmission-et-parapheur\/\" \/>\n<meta property=\"og:site_name\" content=\"AWSolutions\" \/>\n<meta property=\"article:modified_time\" content=\"2023-05-16T09:02:58+00:00\" \/>\n<meta name=\"twitter:card\" content=\"summary_large_image\" \/>\n<meta name=\"twitter:label1\" content=\"Dur\u00e9e de lecture estim\u00e9e\" \/>\n\t<meta name=\"twitter:data1\" content=\"33 minutes\" \/>\n<script type=\"application\/ld+json\" class=\"yoast-schema-graph\">{\"@context\":\"https:\/\/schema.org\",\"@graph\":[{\"@type\":\"WebPage\",\"@id\":\"https:\/\/awsolutions.fr\/blog\/teletransmission-et-parapheur\/\",\"url\":\"https:\/\/awsolutions.fr\/blog\/teletransmission-et-parapheur\/\",\"name\":\"AW Solutions - ACTES, HELIOS et Parapheur \u00e9lectronique\",\"isPartOf\":{\"@id\":\"https:\/\/awsolutions.fr\/blog\/#website\"},\"datePublished\":\"2023-05-04T11:50:13+00:00\",\"dateModified\":\"2023-05-16T09:02:58+00:00\",\"breadcrumb\":{\"@id\":\"https:\/\/awsolutions.fr\/blog\/teletransmission-et-parapheur\/#breadcrumb\"},\"inLanguage\":\"fr-FR\"},{\"@type\":\"WebSite\",\"@id\":\"https:\/\/awsolutions.fr\/blog\/#website\",\"url\":\"https:\/\/awsolutions.fr\/blog\/\",\"name\":\"AWSolutions\",\"description\":\"\",\"potentialAction\":[{\"@type\":\"SearchAction\",\"target\":{\"@type\":\"EntryPoint\",\"urlTemplate\":\"https:\/\/awsolutions.fr\/blog\/?s={search_term_string}\"},\"query-input\":\"required name=search_term_string\"}],\"inLanguage\":\"fr-FR\"}]}<\/script>\n<!-- \/ Yoast SEO plugin. -->","yoast_head_json":{"title":"AW Solutions - ACTES, HELIOS et Parapheur \u00e9lectronique","description":"D\u00e9couvrez les solutions de t\u00e9l\u00e9transmission ACTES et HELIOS, de parapheur \u00e9lectronique et de signature \u00e9lectronique.","robots":{"index":"index","follow":"follow","max-snippet":"max-snippet:-1","max-image-preview":"max-image-preview:large","max-video-preview":"max-video-preview:-1"},"canonical":"https:\/\/awsolutions.fr\/blog\/teletransmission-et-parapheur\/","og_locale":"fr_FR","og_type":"article","og_title":"AW Solutions - ACTES, HELIOS et Parapheur \u00e9lectronique","og_description":"D\u00e9couvrez les solutions de t\u00e9l\u00e9transmission ACTES et HELIOS, de parapheur \u00e9lectronique et de signature \u00e9lectronique.","og_url":"https:\/\/awsolutions.fr\/blog\/teletransmission-et-parapheur\/","og_site_name":"AWSolutions","article_modified_time":"2023-05-16T09:02:58+00:00","twitter_card":"summary_large_image","twitter_misc":{"Dur\u00e9e de lecture estim\u00e9e":"33 minutes"},"schema":{"@context":"https:\/\/schema.org","@graph":[{"@type":"WebPage","@id":"https:\/\/awsolutions.fr\/blog\/teletransmission-et-parapheur\/","url":"https:\/\/awsolutions.fr\/blog\/teletransmission-et-parapheur\/","name":"AW Solutions - ACTES, HELIOS et Parapheur \u00e9lectronique","isPartOf":{"@id":"https:\/\/awsolutions.fr\/blog\/#website"},"datePublished":"2023-05-04T11:50:13+00:00","dateModified":"2023-05-16T09:02:58+00:00","breadcrumb":{"@id":"https:\/\/awsolutions.fr\/blog\/teletransmission-et-parapheur\/#breadcrumb"},"inLanguage":"fr-FR"},{"@type":"WebSite","@id":"https:\/\/awsolutions.fr\/blog\/#website","url":"https:\/\/awsolutions.fr\/blog\/","name":"AWSolutions","description":"","potentialAction":[{"@type":"SearchAction","target":{"@type":"EntryPoint","urlTemplate":"https:\/\/awsolutions.fr\/blog\/?s={search_term_string}"},"query-input":"required name=search_term_string"}],"inLanguage":"fr-FR"}]}},"_links":{"self":[{"href":"https:\/\/awsolutions.fr\/blog\/wp-json\/wp\/v2\/pages\/57004","targetHints":{"allow":["GET"]}}],"collection":[{"href":"https:\/\/awsolutions.fr\/blog\/wp-json\/wp\/v2\/pages"}],"about":[{"href":"https:\/\/awsolutions.fr\/blog\/wp-json\/wp\/v2\/types\/page"}],"author":[{"embeddable":true,"href":"https:\/\/awsolutions.fr\/blog\/wp-json\/wp\/v2\/users\/708"}],"replies":[{"embeddable":true,"href":"https:\/\/awsolutions.fr\/blog\/wp-json\/wp\/v2\/comments?post=57004"}],"version-history":[{"count":118,"href":"https:\/\/awsolutions.fr\/blog\/wp-json\/wp\/v2\/pages\/57004\/revisions"}],"predecessor-version":[{"id":57110,"href":"https:\/\/awsolutions.fr\/blog\/wp-json\/wp\/v2\/pages\/57004\/revisions\/57110"}],"wp:attachment":[{"href":"https:\/\/awsolutions.fr\/blog\/wp-json\/wp\/v2\/media?parent=57004"}],"wp:term":[{"taxonomy":"category","embeddable":true,"href":"https:\/\/awsolutions.fr\/blog\/wp-json\/wp\/v2\/categories?post=57004"},{"taxonomy":"post_tag","embeddable":true,"href":"https:\/\/awsolutions.fr\/blog\/wp-json\/wp\/v2\/tags?post=57004"}],"curies":[{"name":"wp","href":"https:\/\/api.w.org\/{rel}","templated":true}]}}