{"id":6054,"date":"2021-03-12T11:22:40","date_gmt":"2021-03-12T10:22:40","guid":{"rendered":"https:\/\/awsolutions.fr\/blog\/?page_id=6054"},"modified":"2021-07-01T14:53:55","modified_gmt":"2021-07-01T12:53:55","slug":"acheteurs-guides-et-tutos","status":"publish","type":"page","link":"https:\/\/awsolutions.fr\/blog\/acheteurs-guides-et-tutos\/","title":{"rendered":"Guides et tutos"},"content":{"rendered":"<p><div class=\"fusion-fullwidth fullwidth-box fusion-builder-row-1 fusion-flex-container nonhundred-percent-fullwidth non-hundred-percent-height-scrolling\" style=\"--awb-border-radius-top-left:0px;--awb-border-radius-top-right:0px;--awb-border-radius-bottom-right:0px;--awb-border-radius-bottom-left:0px;\" ><div class=\"fusion-builder-row fusion-row fusion-flex-align-items-flex-start\" style=\"max-width:calc( 1200px + 0px );margin-left: calc(-0px \/ 2 );margin-right: calc(-0px \/ 2 );\"><div class=\"fusion-layout-column fusion_builder_column fusion-builder-column-0 fusion_builder_column_1_1 1_1 fusion-flex-column\" style=\"--awb-bg-size:cover;--awb-width-large:100%;--awb-margin-top-large:0px;--awb-spacing-right-large:0px;--awb-margin-bottom-large:0px;--awb-spacing-left-large:0px;--awb-width-medium:100%;--awb-spacing-right-medium:0px;--awb-spacing-left-medium:0px;--awb-width-small:100%;--awb-spacing-right-small:0px;--awb-spacing-left-small:0px;\"><div class=\"fusion-column-wrapper fusion-flex-justify-content-flex-start fusion-content-layout-column\"><div class=\"fusion-text fusion-text-1\"><p style=\"font-size: 24px; line-height: 24px;\" align=\"center\" data-fusion-font=\"true\"><span style=\"color: #622977; font-size: 44px;\">Guides et tutos<br \/>\n<\/span><\/p>\n<p style=\"font-size: 24px; line-height: 24px;\" data-fusion-font=\"true\"><b style=\"color: #ffa617;\">\u00a0<\/b><\/p>\n<\/div><\/div><\/div><\/div><\/div><div class=\"fusion-fullwidth fullwidth-box fusion-builder-row-2 fusion-flex-container nonhundred-percent-fullwidth non-hundred-percent-height-scrolling\" style=\"--awb-border-radius-top-left:0px;--awb-border-radius-top-right:0px;--awb-border-radius-bottom-right:0px;--awb-border-radius-bottom-left:0px;\" ><div class=\"fusion-builder-row fusion-row fusion-flex-align-items-flex-start\" style=\"max-width:1248px;margin-left: calc(-4% \/ 2 );margin-right: calc(-4% \/ 2 );\"><div class=\"fusion-layout-column fusion_builder_column fusion-builder-column-1 fusion_builder_column_1_3 1_3 fusion-flex-column\" style=\"--awb-bg-size:cover;--awb-width-large:33.333333333333%;--awb-margin-top-large:0px;--awb-spacing-right-large:5.76%;--awb-margin-bottom-large:20px;--awb-spacing-left-large:5.76%;--awb-width-medium:33.333333333333%;--awb-order-medium:0;--awb-spacing-right-medium:5.76%;--awb-spacing-left-medium:5.76%;--awb-width-small:100%;--awb-order-small:0;--awb-spacing-right-small:1.92%;--awb-spacing-left-small:1.92%;\"><div class=\"fusion-column-wrapper fusion-column-has-shadow fusion-flex-justify-content-flex-start fusion-content-layout-column\"><div class=\"fusion-image-element \" style=\"--awb-caption-title-size:var(--h2_typography-font-size);--awb-caption-title-transform:var(--h2_typography-text-transform);--awb-caption-title-line-height:var(--h2_typography-line-height);--awb-caption-title-letter-spacing:var(--h2_typography-letter-spacing);\"><span class=\" fusion-imageframe imageframe-none imageframe-1 hover-type-none\"><img decoding=\"async\" width=\"300\" height=\"300\" title=\"Organizing\" src=\"https:\/\/awsolutions.fr\/blog\/wp-content\/uploads\/2020\/03\/Organizing-300x300.png\" alt class=\"img-responsive wp-image-3334\" srcset=\"https:\/\/awsolutions.fr\/blog\/wp-content\/uploads\/2020\/03\/Organizing-200x200.png 200w, https:\/\/awsolutions.fr\/blog\/wp-content\/uploads\/2020\/03\/Organizing-400x400.png 400w, https:\/\/awsolutions.fr\/blog\/wp-content\/uploads\/2020\/03\/Organizing-600x600.png 600w, https:\/\/awsolutions.fr\/blog\/wp-content\/uploads\/2020\/03\/Organizing.png 640w\" sizes=\"(max-width: 640px) 100vw, 400px\" \/><\/span><\/div><\/div><\/div><div class=\"fusion-layout-column fusion_builder_column fusion-builder-column-2 fusion_builder_column_2_3 2_3 fusion-flex-column\" style=\"--awb-bg-size:cover;--awb-width-large:66.666666666667%;--awb-margin-top-large:0px;--awb-spacing-right-large:2.88%;--awb-margin-bottom-large:20px;--awb-spacing-left-large:2.88%;--awb-width-medium:66.666666666667%;--awb-order-medium:0;--awb-spacing-right-medium:2.88%;--awb-spacing-left-medium:2.88%;--awb-width-small:100%;--awb-order-small:0;--awb-spacing-right-small:1.92%;--awb-spacing-left-small:1.92%;\"><div class=\"fusion-column-wrapper fusion-column-has-shadow fusion-flex-justify-content-flex-start fusion-content-layout-column\"><div class=\"fusion-content-boxes content-boxes columns row fusion-columns-1 fusion-columns-total-1 fusion-content-boxes-1 content-boxes-icon-with-title content-left\" style=\"--awb-hover-accent-color:#65bc7b;--awb-circle-hover-accent-color:#65bc7b;--awb-item-margin-bottom:40px;\" data-animationOffset=\"top-into-view\"><div style=\"--awb-backgroundcolor:rgba(255,255,255,0);\" class=\"fusion-column content-box-column content-box-column content-box-column-1 col-lg-12 col-md-12 col-sm-12 fusion-content-box-hover content-box-column-last content-box-column-last-in-row\"><div class=\"col content-box-wrapper content-wrapper link-area-link-icon content-icon-wrapper-yes icon-hover-animation-fade\" data-animationOffset=\"top-into-view\"><div class=\"heading icon-left\"><h2 class=\"content-box-heading\" style=\"--h2_typography-font-size:24px;line-height:29px;\">Pour vous accompagner dans le param\u00e9trage de votre compte S\u00e9l\u00e9n\u00e9e et l'utilisation des diff\u00e9rentes fonctionnalit\u00e9s, t\u00e9l\u00e9chargez nos guides utilisateurs :<br \/>\n<\/h2><\/div><div class=\"fusion-clearfix\"><\/div><div class=\"content-container\">\n<ul>\n<li><a href=\"https:\/\/marketing.awsolutions.fr\/asset\/1:guide-utilisateurs-acheteurs\" target=\"_blank\" rel=\"noopener noreferrer\">Guide \u00e0 destination des acheteurs publics<\/a><\/li>\n<\/ul>\n<div>\n<p><a href=\"https:\/\/marketing.awsolutions.fr\/asset\/3:guide-utilisateurs-fournisseurs\" target=\"_blank\" rel=\"noopener noreferrer\">\u00a0<\/a><\/p>\n<\/div>\n<ul>\n<li><a href=\"https:\/\/marketing.awsolutions.fr\/asset\/3:guide-utilisateurs-fournisseurs\">Guide \u00e0 destination des entreprises priv\u00e9es<\/a><\/li>\n<\/ul>\n<\/div><\/div><\/div><div class=\"fusion-clearfix\"><\/div><\/div><\/div><\/div><\/div><\/div><\/p>\n","protected":false},"excerpt":{"rendered":"","protected":false},"author":3,"featured_media":0,"parent":0,"menu_order":0,"comment_status":"closed","ping_status":"closed","template":"100-width.php","meta":{"footnotes":""},"categories":[111],"tags":[],"class_list":["post-6054","page","type-page","status-publish","hentry","category-acheteurs"],"yoast_head":"<!-- This site is optimized with the Yoast SEO plugin v20.1 - https:\/\/yoast.com\/wordpress\/plugins\/seo\/ -->\n<title>Guides et tutos - AWSolutions<\/title>\n<meta name=\"robots\" content=\"index, follow, max-snippet:-1, max-image-preview:large, max-video-preview:-1\" \/>\n<link rel=\"canonical\" href=\"https:\/\/awsolutions.fr\/blog\/acheteurs-guides-et-tutos\/\" \/>\n<meta property=\"og:locale\" content=\"fr_FR\" \/>\n<meta property=\"og:type\" content=\"article\" \/>\n<meta property=\"og:title\" content=\"Guides et tutos - AWSolutions\" \/>\n<meta property=\"og:url\" content=\"https:\/\/awsolutions.fr\/blog\/acheteurs-guides-et-tutos\/\" \/>\n<meta property=\"og:site_name\" content=\"AWSolutions\" \/>\n<meta property=\"article:modified_time\" content=\"2021-07-01T12:53:55+00:00\" \/>\n<meta name=\"twitter:card\" content=\"summary_large_image\" \/>\n<meta name=\"twitter:label1\" content=\"Dur\u00e9e de lecture estim\u00e9e\" \/>\n\t<meta name=\"twitter:data1\" content=\"5 minutes\" \/>\n<script type=\"application\/ld+json\" class=\"yoast-schema-graph\">{\"@context\":\"https:\/\/schema.org\",\"@graph\":[{\"@type\":\"WebPage\",\"@id\":\"https:\/\/awsolutions.fr\/blog\/acheteurs-guides-et-tutos\/\",\"url\":\"https:\/\/awsolutions.fr\/blog\/acheteurs-guides-et-tutos\/\",\"name\":\"Guides et tutos - AWSolutions\",\"isPartOf\":{\"@id\":\"https:\/\/awsolutions.fr\/blog\/#website\"},\"datePublished\":\"2021-03-12T10:22:40+00:00\",\"dateModified\":\"2021-07-01T12:53:55+00:00\",\"breadcrumb\":{\"@id\":\"https:\/\/awsolutions.fr\/blog\/acheteurs-guides-et-tutos\/#breadcrumb\"},\"inLanguage\":\"fr-FR\",\"potentialAction\":[{\"@type\":\"ReadAction\",\"target\":[\"https:\/\/awsolutions.fr\/blog\/acheteurs-guides-et-tutos\/\"]}]},{\"@type\":\"BreadcrumbList\",\"@id\":\"https:\/\/awsolutions.fr\/blog\/acheteurs-guides-et-tutos\/#breadcrumb\",\"itemListElement\":[{\"@type\":\"ListItem\",\"position\":1,\"name\":\"Accueil\",\"item\":\"https:\/\/awsolutions.fr\/blog\/\"},{\"@type\":\"ListItem\",\"position\":2,\"name\":\"Guides et tutos\"}]},{\"@type\":\"WebSite\",\"@id\":\"https:\/\/awsolutions.fr\/blog\/#website\",\"url\":\"https:\/\/awsolutions.fr\/blog\/\",\"name\":\"AWSolutions\",\"description\":\"\",\"potentialAction\":[{\"@type\":\"SearchAction\",\"target\":{\"@type\":\"EntryPoint\",\"urlTemplate\":\"https:\/\/awsolutions.fr\/blog\/?s={search_term_string}\"},\"query-input\":\"required name=search_term_string\"}],\"inLanguage\":\"fr-FR\"}]}<\/script>\n<!-- \/ Yoast SEO plugin. -->","yoast_head_json":{"title":"Guides et tutos - AWSolutions","robots":{"index":"index","follow":"follow","max-snippet":"max-snippet:-1","max-image-preview":"max-image-preview:large","max-video-preview":"max-video-preview:-1"},"canonical":"https:\/\/awsolutions.fr\/blog\/acheteurs-guides-et-tutos\/","og_locale":"fr_FR","og_type":"article","og_title":"Guides et tutos - AWSolutions","og_url":"https:\/\/awsolutions.fr\/blog\/acheteurs-guides-et-tutos\/","og_site_name":"AWSolutions","article_modified_time":"2021-07-01T12:53:55+00:00","twitter_card":"summary_large_image","twitter_misc":{"Dur\u00e9e de lecture estim\u00e9e":"5 minutes"},"schema":{"@context":"https:\/\/schema.org","@graph":[{"@type":"WebPage","@id":"https:\/\/awsolutions.fr\/blog\/acheteurs-guides-et-tutos\/","url":"https:\/\/awsolutions.fr\/blog\/acheteurs-guides-et-tutos\/","name":"Guides et tutos - AWSolutions","isPartOf":{"@id":"https:\/\/awsolutions.fr\/blog\/#website"},"datePublished":"2021-03-12T10:22:40+00:00","dateModified":"2021-07-01T12:53:55+00:00","breadcrumb":{"@id":"https:\/\/awsolutions.fr\/blog\/acheteurs-guides-et-tutos\/#breadcrumb"},"inLanguage":"fr-FR","potentialAction":[{"@type":"ReadAction","target":["https:\/\/awsolutions.fr\/blog\/acheteurs-guides-et-tutos\/"]}]},{"@type":"BreadcrumbList","@id":"https:\/\/awsolutions.fr\/blog\/acheteurs-guides-et-tutos\/#breadcrumb","itemListElement":[{"@type":"ListItem","position":1,"name":"Accueil","item":"https:\/\/awsolutions.fr\/blog\/"},{"@type":"ListItem","position":2,"name":"Guides et tutos"}]},{"@type":"WebSite","@id":"https:\/\/awsolutions.fr\/blog\/#website","url":"https:\/\/awsolutions.fr\/blog\/","name":"AWSolutions","description":"","potentialAction":[{"@type":"SearchAction","target":{"@type":"EntryPoint","urlTemplate":"https:\/\/awsolutions.fr\/blog\/?s={search_term_string}"},"query-input":"required name=search_term_string"}],"inLanguage":"fr-FR"}]}},"_links":{"self":[{"href":"https:\/\/awsolutions.fr\/blog\/wp-json\/wp\/v2\/pages\/6054","targetHints":{"allow":["GET"]}}],"collection":[{"href":"https:\/\/awsolutions.fr\/blog\/wp-json\/wp\/v2\/pages"}],"about":[{"href":"https:\/\/awsolutions.fr\/blog\/wp-json\/wp\/v2\/types\/page"}],"author":[{"embeddable":true,"href":"https:\/\/awsolutions.fr\/blog\/wp-json\/wp\/v2\/users\/3"}],"replies":[{"embeddable":true,"href":"https:\/\/awsolutions.fr\/blog\/wp-json\/wp\/v2\/comments?post=6054"}],"version-history":[{"count":7,"href":"https:\/\/awsolutions.fr\/blog\/wp-json\/wp\/v2\/pages\/6054\/revisions"}],"predecessor-version":[{"id":7582,"href":"https:\/\/awsolutions.fr\/blog\/wp-json\/wp\/v2\/pages\/6054\/revisions\/7582"}],"wp:attachment":[{"href":"https:\/\/awsolutions.fr\/blog\/wp-json\/wp\/v2\/media?parent=6054"}],"wp:term":[{"taxonomy":"category","embeddable":true,"href":"https:\/\/awsolutions.fr\/blog\/wp-json\/wp\/v2\/categories?post=6054"},{"taxonomy":"post_tag","embeddable":true,"href":"https:\/\/awsolutions.fr\/blog\/wp-json\/wp\/v2\/tags?post=6054"}],"curies":[{"name":"wp","href":"https:\/\/api.w.org\/{rel}","templated":true}]}}