{"id":109537,"date":"2023-12-13T11:02:56","date_gmt":"2023-12-13T10:02:56","guid":{"rendered":"https:\/\/awsolutions.fr\/blog\/?post_type=product&#038;p=109537"},"modified":"2023-12-13T11:04:07","modified_gmt":"2023-12-13T10:04:07","slug":"achat-sourcing-pro","status":"publish","type":"product","link":"https:\/\/awsolutions.fr\/blog\/produit\/achat-sourcing-pro\/","title":{"rendered":"Achat Sourcing Pro"},"content":{"rendered":"<h2><strong>Avec l&rsquo;offre sourcing PRO, anticipez les projets d&rsquo;achats des acheteurs publics et prospectez-les efficacement pour pr\u00e9senter votre expertise m\u00e9tier.<\/strong><\/h2>\n<p>L&rsquo;abonnement de 12 mois renouvelable \u00e0 l&rsquo;offre PRO donne acc\u00e8s* aux fonctions suivantes :<\/p>\n<ul>\n<li>Acc\u00e8s \u00e0 la base des march\u00e9s attribu\u00e9s<\/li>\n<li>Consultation et r\u00e9ponse aux demandes d\u2019informations des acheteurs (RFI)<\/li>\n<li>Consultation des pr\u00e9visions d\u2019achat des acheteurs publics<\/li>\n<li>Prospection d\u2019acheteurs publics<br \/>\nMise en relation avec les acheteurs publics<\/li>\n<li>Notification sur les visites de votre page entreprise<\/li>\n<li>Salons de discussion avec les acheteurs<\/li>\n<li>Accompagnement au param\u00e9trage du compte<\/li>\n<\/ul>\n<p>&nbsp;<\/p>\n<p>*acc\u00e8s pour 1 utilisateur<\/p>\n","protected":false},"excerpt":{"rendered":"<h4>Abonnement* d&rsquo;un an \u00e0 l&rsquo;offre sourcing PRO<\/h4>\n<p>*Renouvelable, valable pour 1 utilisateur<\/p>\n","protected":false},"featured_media":8029,"template":"","meta":[],"product_cat":[99],"product_tag":[],"class_list":["post-109537","product","type-product","status-publish","has-post-thumbnail","hentry","product_cat-abonnement-entreprises"],"yoast_head":"<!-- This site is optimized with the Yoast SEO plugin v20.1 - https:\/\/yoast.com\/wordpress\/plugins\/seo\/ -->\n<title>Sourcing PRO - Professionnalisez votre recherche d&#039;acheteurs publics<\/title>\n<meta name=\"description\" content=\"Optimisez la prospection du Secteur Public avec AW Solutions : l&#039;outil d&#039;E-sourcing d\u00e9di\u00e9 \u00e0 la mise en relation avec les acheteurs publics.\" \/>\n<meta name=\"robots\" content=\"index, follow, max-snippet:-1, max-image-preview:large, max-video-preview:-1\" \/>\n<link rel=\"canonical\" href=\"https:\/\/awsolutions.fr\/blog\/produit\/achat-sourcing-pro\/\" \/>\n<meta property=\"og:locale\" content=\"fr_FR\" \/>\n<meta property=\"og:type\" content=\"article\" \/>\n<meta property=\"og:title\" content=\"Sourcing PRO - Professionnalisez votre recherche d&#039;acheteurs publics\" \/>\n<meta property=\"og:description\" content=\"Optimisez la prospection du Secteur Public avec AW Solutions : l&#039;outil d&#039;E-sourcing d\u00e9di\u00e9 \u00e0 la mise en relation avec les acheteurs publics.\" \/>\n<meta property=\"og:url\" content=\"https:\/\/awsolutions.fr\/blog\/produit\/achat-sourcing-pro\/\" \/>\n<meta property=\"og:site_name\" content=\"AWSolutions\" \/>\n<meta property=\"article:modified_time\" content=\"2023-12-13T10:04:07+00:00\" \/>\n<meta property=\"og:image\" content=\"https:\/\/awsolutions.fr\/blog\/wp-content\/uploads\/2020\/12\/Abonnement-Sourcing-PRO.png\" \/>\n\t<meta property=\"og:image:width\" content=\"380\" \/>\n\t<meta property=\"og:image:height\" content=\"201\" \/>\n\t<meta property=\"og:image:type\" content=\"image\/png\" \/>\n<meta name=\"twitter:card\" content=\"summary_large_image\" \/>\n<meta name=\"twitter:label1\" content=\"Dur\u00e9e de lecture estim\u00e9e\" \/>\n\t<meta name=\"twitter:data1\" content=\"1 minute\" \/>\n<script type=\"application\/ld+json\" class=\"yoast-schema-graph\">{\"@context\":\"https:\/\/schema.org\",\"@graph\":[{\"@type\":\"WebPage\",\"@id\":\"https:\/\/awsolutions.fr\/blog\/produit\/achat-sourcing-pro\/\",\"url\":\"https:\/\/awsolutions.fr\/blog\/produit\/achat-sourcing-pro\/\",\"name\":\"Sourcing PRO - Professionnalisez votre recherche d'acheteurs publics\",\"isPartOf\":{\"@id\":\"https:\/\/awsolutions.fr\/blog\/#website\"},\"datePublished\":\"2023-12-13T10:02:56+00:00\",\"dateModified\":\"2023-12-13T10:04:07+00:00\",\"description\":\"Optimisez la prospection du Secteur Public avec AW Solutions : l'outil d'E-sourcing d\u00e9di\u00e9 \u00e0 la mise en relation avec les acheteurs publics.\",\"breadcrumb\":{\"@id\":\"https:\/\/awsolutions.fr\/blog\/produit\/achat-sourcing-pro\/#breadcrumb\"},\"inLanguage\":\"fr-FR\",\"potentialAction\":[{\"@type\":\"ReadAction\",\"target\":[\"https:\/\/awsolutions.fr\/blog\/produit\/achat-sourcing-pro\/\"]}]},{\"@type\":\"BreadcrumbList\",\"@id\":\"https:\/\/awsolutions.fr\/blog\/produit\/achat-sourcing-pro\/#breadcrumb\",\"itemListElement\":[{\"@type\":\"ListItem\",\"position\":1,\"name\":\"Accueil\",\"item\":\"https:\/\/awsolutions.fr\/blog\/\"},{\"@type\":\"ListItem\",\"position\":2,\"name\":\"Boutique\",\"item\":\"https:\/\/awsolutions.fr\/blog\/boutique\/\"},{\"@type\":\"ListItem\",\"position\":3,\"name\":\"Achat Sourcing Pro\"}]},{\"@type\":\"WebSite\",\"@id\":\"https:\/\/awsolutions.fr\/blog\/#website\",\"url\":\"https:\/\/awsolutions.fr\/blog\/\",\"name\":\"AWSolutions\",\"description\":\"\",\"potentialAction\":[{\"@type\":\"SearchAction\",\"target\":{\"@type\":\"EntryPoint\",\"urlTemplate\":\"https:\/\/awsolutions.fr\/blog\/?s={search_term_string}\"},\"query-input\":\"required name=search_term_string\"}],\"inLanguage\":\"fr-FR\"}]}<\/script>\n<!-- \/ Yoast SEO plugin. -->","yoast_head_json":{"title":"Sourcing PRO - Professionnalisez votre recherche d'acheteurs publics","description":"Optimisez la prospection du Secteur Public avec AW Solutions : l'outil d'E-sourcing d\u00e9di\u00e9 \u00e0 la mise en relation avec les acheteurs publics.","robots":{"index":"index","follow":"follow","max-snippet":"max-snippet:-1","max-image-preview":"max-image-preview:large","max-video-preview":"max-video-preview:-1"},"canonical":"https:\/\/awsolutions.fr\/blog\/produit\/achat-sourcing-pro\/","og_locale":"fr_FR","og_type":"article","og_title":"Sourcing PRO - Professionnalisez votre recherche d'acheteurs publics","og_description":"Optimisez la prospection du Secteur Public avec AW Solutions : l'outil d'E-sourcing d\u00e9di\u00e9 \u00e0 la mise en relation avec les acheteurs publics.","og_url":"https:\/\/awsolutions.fr\/blog\/produit\/achat-sourcing-pro\/","og_site_name":"AWSolutions","article_modified_time":"2023-12-13T10:04:07+00:00","og_image":[{"width":380,"height":201,"url":"https:\/\/awsolutions.fr\/blog\/wp-content\/uploads\/2020\/12\/Abonnement-Sourcing-PRO.png","type":"image\/png"}],"twitter_card":"summary_large_image","twitter_misc":{"Dur\u00e9e de lecture estim\u00e9e":"1 minute"},"schema":{"@context":"https:\/\/schema.org","@graph":[{"@type":"WebPage","@id":"https:\/\/awsolutions.fr\/blog\/produit\/achat-sourcing-pro\/","url":"https:\/\/awsolutions.fr\/blog\/produit\/achat-sourcing-pro\/","name":"Sourcing PRO - Professionnalisez votre recherche d'acheteurs publics","isPartOf":{"@id":"https:\/\/awsolutions.fr\/blog\/#website"},"datePublished":"2023-12-13T10:02:56+00:00","dateModified":"2023-12-13T10:04:07+00:00","description":"Optimisez la prospection du Secteur Public avec AW Solutions : l'outil d'E-sourcing d\u00e9di\u00e9 \u00e0 la mise en relation avec les acheteurs publics.","breadcrumb":{"@id":"https:\/\/awsolutions.fr\/blog\/produit\/achat-sourcing-pro\/#breadcrumb"},"inLanguage":"fr-FR","potentialAction":[{"@type":"ReadAction","target":["https:\/\/awsolutions.fr\/blog\/produit\/achat-sourcing-pro\/"]}]},{"@type":"BreadcrumbList","@id":"https:\/\/awsolutions.fr\/blog\/produit\/achat-sourcing-pro\/#breadcrumb","itemListElement":[{"@type":"ListItem","position":1,"name":"Accueil","item":"https:\/\/awsolutions.fr\/blog\/"},{"@type":"ListItem","position":2,"name":"Boutique","item":"https:\/\/awsolutions.fr\/blog\/boutique\/"},{"@type":"ListItem","position":3,"name":"Achat Sourcing Pro"}]},{"@type":"WebSite","@id":"https:\/\/awsolutions.fr\/blog\/#website","url":"https:\/\/awsolutions.fr\/blog\/","name":"AWSolutions","description":"","potentialAction":[{"@type":"SearchAction","target":{"@type":"EntryPoint","urlTemplate":"https:\/\/awsolutions.fr\/blog\/?s={search_term_string}"},"query-input":"required name=search_term_string"}],"inLanguage":"fr-FR"}]}},"_links":{"self":[{"href":"https:\/\/awsolutions.fr\/blog\/wp-json\/wp\/v2\/product\/109537","targetHints":{"allow":["GET"]}}],"collection":[{"href":"https:\/\/awsolutions.fr\/blog\/wp-json\/wp\/v2\/product"}],"about":[{"href":"https:\/\/awsolutions.fr\/blog\/wp-json\/wp\/v2\/types\/product"}],"wp:featuredmedia":[{"embeddable":true,"href":"https:\/\/awsolutions.fr\/blog\/wp-json\/wp\/v2\/media\/8029"}],"wp:attachment":[{"href":"https:\/\/awsolutions.fr\/blog\/wp-json\/wp\/v2\/media?parent=109537"}],"wp:term":[{"taxonomy":"product_cat","embeddable":true,"href":"https:\/\/awsolutions.fr\/blog\/wp-json\/wp\/v2\/product_cat?post=109537"},{"taxonomy":"product_tag","embeddable":true,"href":"https:\/\/awsolutions.fr\/blog\/wp-json\/wp\/v2\/product_tag?post=109537"}],"curies":[{"name":"wp","href":"https:\/\/api.w.org\/{rel}","templated":true}]}}