{"id":5661,"date":"2020-12-11T11:41:56","date_gmt":"2020-12-11T10:41:56","guid":{"rendered":"https:\/\/awsolutions.fr\/blog\/?post_type=product&#038;p=5661"},"modified":"2023-12-13T11:50:40","modified_gmt":"2023-12-13T10:50:40","slug":"option-dataviz-tpe-pme","status":"publish","type":"product","link":"https:\/\/awsolutions.fr\/blog\/produit\/option-dataviz-tpe-pme\/","title":{"rendered":"Option DATAVIZ TPE\/PME"},"content":{"rendered":"<h2><strong>Avec l&rsquo;option DATAVIZ* pour les TPE\/PME, Pilotez votre veille secteur et concurrentielle sur la cible publique.<br \/>\n<\/strong><\/h2>\n<p>Pilotez votre veille secteur et concurrentielle sur la cible publique \u00e0 l\u2019aide d\u2019indicateurs pertinents et dynamiques concernant la base des march\u00e9s attribu\u00e9s pr\u00e9sents dans AW Solutions. Mixez ainsi plusieurs variables comme le top 10 des segments d\u2019achat par montant, le top 10 des acheteurs en montant, le top 10 des titulaires en montant, la typologie de march\u00e9s ; cartographiez vos r\u00e9sultats et exportez-les.<\/p>\n<p>&nbsp;<\/p>\n<p>*Option accessible uniquement avec l&rsquo;abonnement EXPERT TPE\/PME, valable pour 1 utilisateur<\/p>\n","protected":false},"excerpt":{"rendered":"<h4>Abonnement* d&rsquo;un an \u00e0 l&rsquo;option DATAVIZ pour TPE\/PME<\/h4>\n<p>*Renouvelable, valable pour 1 utilisateur &#8211; Option accessible uniquement aux abonn\u00e9s disposant de l&rsquo;abonnement EXPERT TPE\/PME<\/p>\n","protected":false},"featured_media":8032,"template":"","meta":[],"product_cat":[99],"product_tag":[],"class_list":["post-5661","product","type-product","status-publish","has-post-thumbnail","hentry","product_cat-abonnement-entreprises"],"yoast_head":"<!-- This site is optimized with the Yoast SEO plugin v20.1 - https:\/\/yoast.com\/wordpress\/plugins\/seo\/ -->\n<title>DATAVIZ - Pilotez votre veille concurrentielle et march\u00e9 facilement<\/title>\n<meta name=\"description\" content=\"Optimisez la strat\u00e9gie de votre entreprise en surveillant l&#039;activit\u00e9 de vos concurrents dans le secteur des achats publics.\" \/>\n<meta name=\"robots\" content=\"index, follow, max-snippet:-1, max-image-preview:large, max-video-preview:-1\" \/>\n<link rel=\"canonical\" href=\"https:\/\/awsolutions.fr\/blog\/produit\/option-dataviz-tpe-pme\/\" \/>\n<meta property=\"og:locale\" content=\"fr_FR\" \/>\n<meta property=\"og:type\" content=\"article\" \/>\n<meta property=\"og:title\" content=\"DATAVIZ - Pilotez votre veille concurrentielle et march\u00e9 facilement\" \/>\n<meta property=\"og:description\" content=\"Optimisez la strat\u00e9gie de votre entreprise en surveillant l&#039;activit\u00e9 de vos concurrents dans le secteur des achats publics.\" \/>\n<meta property=\"og:url\" content=\"https:\/\/awsolutions.fr\/blog\/produit\/option-dataviz-tpe-pme\/\" \/>\n<meta property=\"og:site_name\" content=\"AWSolutions\" \/>\n<meta property=\"article:modified_time\" content=\"2023-12-13T10:50:40+00:00\" \/>\n<meta property=\"og:image\" content=\"https:\/\/awsolutions.fr\/blog\/wp-content\/uploads\/2020\/12\/Abonnement-Sourcing-Option-DATAVIZ.png\" \/>\n\t<meta property=\"og:image:width\" content=\"380\" \/>\n\t<meta property=\"og:image:height\" content=\"201\" \/>\n\t<meta property=\"og:image:type\" content=\"image\/png\" \/>\n<meta name=\"twitter:card\" content=\"summary_large_image\" \/>\n<meta name=\"twitter:label1\" content=\"Dur\u00e9e de lecture estim\u00e9e\" \/>\n\t<meta name=\"twitter:data1\" content=\"1 minute\" \/>\n<script type=\"application\/ld+json\" class=\"yoast-schema-graph\">{\"@context\":\"https:\/\/schema.org\",\"@graph\":[{\"@type\":\"WebPage\",\"@id\":\"https:\/\/awsolutions.fr\/blog\/produit\/option-dataviz-tpe-pme\/\",\"url\":\"https:\/\/awsolutions.fr\/blog\/produit\/option-dataviz-tpe-pme\/\",\"name\":\"DATAVIZ - Pilotez votre veille concurrentielle et march\u00e9 facilement\",\"isPartOf\":{\"@id\":\"https:\/\/awsolutions.fr\/blog\/#website\"},\"datePublished\":\"2020-12-11T10:41:56+00:00\",\"dateModified\":\"2023-12-13T10:50:40+00:00\",\"description\":\"Optimisez la strat\u00e9gie de votre entreprise en surveillant l'activit\u00e9 de vos concurrents dans le secteur des achats publics.\",\"breadcrumb\":{\"@id\":\"https:\/\/awsolutions.fr\/blog\/produit\/option-dataviz-tpe-pme\/#breadcrumb\"},\"inLanguage\":\"fr-FR\",\"potentialAction\":[{\"@type\":\"ReadAction\",\"target\":[\"https:\/\/awsolutions.fr\/blog\/produit\/option-dataviz-tpe-pme\/\"]}]},{\"@type\":\"BreadcrumbList\",\"@id\":\"https:\/\/awsolutions.fr\/blog\/produit\/option-dataviz-tpe-pme\/#breadcrumb\",\"itemListElement\":[{\"@type\":\"ListItem\",\"position\":1,\"name\":\"Accueil\",\"item\":\"https:\/\/awsolutions.fr\/blog\/\"},{\"@type\":\"ListItem\",\"position\":2,\"name\":\"Boutique\",\"item\":\"https:\/\/awsolutions.fr\/blog\/boutique\/\"},{\"@type\":\"ListItem\",\"position\":3,\"name\":\"Option DATAVIZ TPE\/PME\"}]},{\"@type\":\"WebSite\",\"@id\":\"https:\/\/awsolutions.fr\/blog\/#website\",\"url\":\"https:\/\/awsolutions.fr\/blog\/\",\"name\":\"AWSolutions\",\"description\":\"\",\"potentialAction\":[{\"@type\":\"SearchAction\",\"target\":{\"@type\":\"EntryPoint\",\"urlTemplate\":\"https:\/\/awsolutions.fr\/blog\/?s={search_term_string}\"},\"query-input\":\"required name=search_term_string\"}],\"inLanguage\":\"fr-FR\"}]}<\/script>\n<!-- \/ Yoast SEO plugin. -->","yoast_head_json":{"title":"DATAVIZ - Pilotez votre veille concurrentielle et march\u00e9 facilement","description":"Optimisez la strat\u00e9gie de votre entreprise en surveillant l'activit\u00e9 de vos concurrents dans le secteur des achats publics.","robots":{"index":"index","follow":"follow","max-snippet":"max-snippet:-1","max-image-preview":"max-image-preview:large","max-video-preview":"max-video-preview:-1"},"canonical":"https:\/\/awsolutions.fr\/blog\/produit\/option-dataviz-tpe-pme\/","og_locale":"fr_FR","og_type":"article","og_title":"DATAVIZ - Pilotez votre veille concurrentielle et march\u00e9 facilement","og_description":"Optimisez la strat\u00e9gie de votre entreprise en surveillant l'activit\u00e9 de vos concurrents dans le secteur des achats publics.","og_url":"https:\/\/awsolutions.fr\/blog\/produit\/option-dataviz-tpe-pme\/","og_site_name":"AWSolutions","article_modified_time":"2023-12-13T10:50:40+00:00","og_image":[{"width":380,"height":201,"url":"https:\/\/awsolutions.fr\/blog\/wp-content\/uploads\/2020\/12\/Abonnement-Sourcing-Option-DATAVIZ.png","type":"image\/png"}],"twitter_card":"summary_large_image","twitter_misc":{"Dur\u00e9e de lecture estim\u00e9e":"1 minute"},"schema":{"@context":"https:\/\/schema.org","@graph":[{"@type":"WebPage","@id":"https:\/\/awsolutions.fr\/blog\/produit\/option-dataviz-tpe-pme\/","url":"https:\/\/awsolutions.fr\/blog\/produit\/option-dataviz-tpe-pme\/","name":"DATAVIZ - Pilotez votre veille concurrentielle et march\u00e9 facilement","isPartOf":{"@id":"https:\/\/awsolutions.fr\/blog\/#website"},"datePublished":"2020-12-11T10:41:56+00:00","dateModified":"2023-12-13T10:50:40+00:00","description":"Optimisez la strat\u00e9gie de votre entreprise en surveillant l'activit\u00e9 de vos concurrents dans le secteur des achats publics.","breadcrumb":{"@id":"https:\/\/awsolutions.fr\/blog\/produit\/option-dataviz-tpe-pme\/#breadcrumb"},"inLanguage":"fr-FR","potentialAction":[{"@type":"ReadAction","target":["https:\/\/awsolutions.fr\/blog\/produit\/option-dataviz-tpe-pme\/"]}]},{"@type":"BreadcrumbList","@id":"https:\/\/awsolutions.fr\/blog\/produit\/option-dataviz-tpe-pme\/#breadcrumb","itemListElement":[{"@type":"ListItem","position":1,"name":"Accueil","item":"https:\/\/awsolutions.fr\/blog\/"},{"@type":"ListItem","position":2,"name":"Boutique","item":"https:\/\/awsolutions.fr\/blog\/boutique\/"},{"@type":"ListItem","position":3,"name":"Option DATAVIZ TPE\/PME"}]},{"@type":"WebSite","@id":"https:\/\/awsolutions.fr\/blog\/#website","url":"https:\/\/awsolutions.fr\/blog\/","name":"AWSolutions","description":"","potentialAction":[{"@type":"SearchAction","target":{"@type":"EntryPoint","urlTemplate":"https:\/\/awsolutions.fr\/blog\/?s={search_term_string}"},"query-input":"required name=search_term_string"}],"inLanguage":"fr-FR"}]}},"_links":{"self":[{"href":"https:\/\/awsolutions.fr\/blog\/wp-json\/wp\/v2\/product\/5661","targetHints":{"allow":["GET"]}}],"collection":[{"href":"https:\/\/awsolutions.fr\/blog\/wp-json\/wp\/v2\/product"}],"about":[{"href":"https:\/\/awsolutions.fr\/blog\/wp-json\/wp\/v2\/types\/product"}],"wp:featuredmedia":[{"embeddable":true,"href":"https:\/\/awsolutions.fr\/blog\/wp-json\/wp\/v2\/media\/8032"}],"wp:attachment":[{"href":"https:\/\/awsolutions.fr\/blog\/wp-json\/wp\/v2\/media?parent=5661"}],"wp:term":[{"taxonomy":"product_cat","embeddable":true,"href":"https:\/\/awsolutions.fr\/blog\/wp-json\/wp\/v2\/product_cat?post=5661"},{"taxonomy":"product_tag","embeddable":true,"href":"https:\/\/awsolutions.fr\/blog\/wp-json\/wp\/v2\/product_tag?post=5661"}],"curies":[{"name":"wp","href":"https:\/\/api.w.org\/{rel}","templated":true}]}}